{"id":787,"date":"2025-07-22T12:16:13","date_gmt":"2025-07-22T10:16:13","guid":{"rendered":"https:\/\/dogandroll.es\/about-me\/"},"modified":"2025-08-22T11:51:41","modified_gmt":"2025-08-22T09:51:41","slug":"about-me","status":"publish","type":"page","link":"https:\/\/dogandroll.es\/en\/about-me\/","title":{"rendered":"About me"},"content":{"rendered":"<p>[et_pb_section fb_built=&#8221;1&#8243; admin_label=&#8221;Header&#8221; _builder_version=&#8221;4.27.4&#8243; _module_preset=&#8221;default&#8221; background_color=&#8221;#FFFFFF&#8221; collapsed=&#8221;on&#8221; global_colors_info=&#8221;{}&#8221;][et_pb_row _builder_version=&#8221;4.23.1&#8243; _module_preset=&#8221;default&#8221; global_colors_info=&#8221;{}&#8221;][et_pb_column type=&#8221;4_4&#8243; _builder_version=&#8221;4.23.1&#8243; _module_preset=&#8221;default&#8221; global_colors_info=&#8221;{}&#8221;][et_pb_text _builder_version=&#8221;4.27.4&#8243; _module_preset=&#8221;ff4a2eba-879a-47e8-81bb-f0cbb8321cef&#8221; header_font_size=&#8221;70px&#8221; text_orientation=&#8221;center&#8221; header_font_size_phone=&#8221;40px&#8221; global_colors_info=&#8221;{}&#8221;]<\/p>\n<h1>Dog trainer in Art\u00e0<\/h1>\n<p>[\/et_pb_text][et_pb_video src=&#8221;https:\/\/dogandroll.es\/wp-content\/uploads\/2025\/08\/Video-sin-titulo-\u2010-Hecho-con-Clipchamp-1.mp4&#8243; play_icon_color=&#8221;#FFFFFF&#8221; font_icon=&#8221;&#xf144;||fa||900&#8243; _builder_version=&#8221;4.27.4&#8243; _module_preset=&#8221;default&#8221; border_radii=&#8221;on|20px|20px|20px|20px&#8221; global_colors_info=&#8221;{}&#8221;][\/et_pb_video][\/et_pb_column][\/et_pb_row][\/et_pb_section][et_pb_section fb_built=&#8221;1&#8243; admin_label=&#8221;About&#8221; _builder_version=&#8221;4.27.4&#8243; _module_preset=&#8221;default&#8221; background_color=&#8221;#FFFFFF&#8221; collapsed=&#8221;on&#8221; global_colors_info=&#8221;{}&#8221;][et_pb_row column_structure=&#8221;1_2,1_2&#8243; _builder_version=&#8221;4.23.1&#8243; _module_preset=&#8221;default&#8221; global_colors_info=&#8221;{}&#8221;][et_pb_column type=&#8221;1_2&#8243; _builder_version=&#8221;4.23.1&#8243; _module_preset=&#8221;default&#8221; global_colors_info=&#8221;{}&#8221;][et_pb_image src=&#8221;https:\/\/dogandroll.es\/wp-content\/uploads\/2024\/03\/MODIFICACION-DE-CONDUCTAS2.jpg&#8221; alt=&#8221;Dog &amp; Roll in Mallorca&#8221; title_text=&#8221;MODIFICACION-DE-CONDUCTAS2&#8243; _builder_version=&#8221;4.27.4&#8243; _module_preset=&#8221;default&#8221; border_radii=&#8221;on|20px|20px|20px|20px&#8221; global_colors_info=&#8221;{}&#8221;][\/et_pb_image][\/et_pb_column][et_pb_column type=&#8221;1_2&#8243; _builder_version=&#8221;4.23.1&#8243; _module_preset=&#8221;default&#8221; global_colors_info=&#8221;{}&#8221;][et_pb_text _builder_version=&#8221;4.27.4&#8243; _module_preset=&#8221;0b00eb39-9961-4cc8-b173-50a82e4205af&#8221; custom_margin=&#8221;||10px||false|false&#8221; header_2_font_size_phone=&#8221;32px&#8221; global_colors_info=&#8221;{}&#8221;]<\/p>\n<h2>Welcome to Dog &amp; Roll!<\/h2>\n<p>[\/et_pb_text][et_pb_text _builder_version=&#8221;4.27.4&#8243; _module_preset=&#8221;d6fdaaa7-8018-4e6b-9d86-b866013574b6&#8243; text_font=&#8221;Poppins||||||||&#8221; text_font_size_phone=&#8221;16px&#8221; global_colors_info=&#8221;{}&#8221;]<\/p>\n<p>I am an educator, dog behaviourist, dog lover and, above all, another dog guardian like you. My adventure with dogs began out of sheer necessity, when my first great teacher appeared: a Mallorcan sheepdog named Rino.<\/p>\n<p>His behavioural problems prompted me to delve deeper into the subject of dog behaviour and training, and&#8230; I was hooked. I have been very fortunate to have had the help and guidance of the best professionals in the sector in Spain, such as EDUCAN and ESCUELA DE ADIESTRADORES by Alberto Zafra Torres, among others, and WESOLA LAPKA in my beloved Poland.<\/p>\n<p>Of course, I&#8217;m still studying. The dynamic and continuous evolution of canine science does not allow me to stop.<\/p>\n<p>I am also an active contributor to the SIN HOGAR MALLORCA adoption association, where we advise and prepare new families and their dogs to find compromises that guarantee a healthy and happy coexistence.<\/p>\n<p>All of this, plus my experience and daily practice working with dogs, is what I offer you.<\/p>\n<p>Be the best trainer for your dog!<\/p>\n<p>[\/et_pb_text][\/et_pb_column][\/et_pb_row][\/et_pb_section][et_pb_section fb_built=&#8221;1&#8243; admin_label=&#8221;Call to Action&#8221; _builder_version=&#8221;4.27.4&#8243; _module_preset=&#8221;default&#8221; background_color=&#8221;#FFFFFF&#8221; collapsed=&#8221;on&#8221; global_colors_info=&#8221;{}&#8221;][et_pb_row custom_padding_last_edited=&#8221;on|desktop&#8221; _builder_version=&#8221;4.27.4&#8243; _module_preset=&#8221;default&#8221; background_color=&#8221;#F2874D&#8221; custom_padding=&#8221;60px|120px|60px|120px|true|true&#8221; custom_padding_tablet=&#8221;30px|30px|30px|30px|true|true&#8221; custom_padding_phone=&#8221;20px|20px|20px|20px|true|true&#8221; border_radii=&#8221;on|20px|20px|20px|20px&#8221; global_colors_info=&#8221;{}&#8221;][et_pb_column type=&#8221;4_4&#8243; _builder_version=&#8221;4.23.1&#8243; _module_preset=&#8221;default&#8221; global_colors_info=&#8221;{}&#8221;][et_pb_text _builder_version=&#8221;4.27.4&#8243; _module_preset=&#8221;0b00eb39-9961-4cc8-b173-50a82e4205af&#8221; header_2_text_color=&#8221;#FFFFFF&#8221; header_2_font_size=&#8221;63px&#8221; header_2_line_height=&#8221;1em&#8221; text_orientation=&#8221;center&#8221; custom_margin=&#8221;||10px||false|false&#8221; header_2_font_size_phone=&#8221;32px&#8221; global_colors_info=&#8221;{}&#8221;]<\/p>\n<h2>Book your First Session Now!<\/h2>\n<p>[\/et_pb_text][et_pb_text _builder_version=&#8221;4.27.4&#8243; _module_preset=&#8221;d6fdaaa7-8018-4e6b-9d86-b866013574b6&#8243; text_font=&#8221;Poppins||||||||&#8221; text_text_color=&#8221;#FFFFFF&#8221; text_font_size=&#8221;18px&#8221; text_orientation=&#8221;center&#8221; global_colors_info=&#8221;{}&#8221;]<\/p>\n<p>Contact me and we&#8217;ll book the first appointment so we can get to know each other.<\/p>\n<p>[\/et_pb_text][et_pb_button button_url=&#8221;https:\/\/wa.me\/34680932094&#8243; button_text=&#8221;Book now&#8221; button_alignment=&#8221;center&#8221; _builder_version=&#8221;4.27.4&#8243; _module_preset=&#8221;7513b7a0-cccc-48ce-80c0-6b37e9e85742&#8243; button_text_color=&#8221;#FFFFFF&#8221; button_bg_color=&#8221;#000000&#8243; global_colors_info=&#8221;{%22gcid-3cf7c930-5f16-4c4e-9613-90a9edb8c65a%22:%91%22button_text_color%22%93}&#8221;][\/et_pb_button][\/et_pb_column][\/et_pb_row][\/et_pb_section][et_pb_section fb_built=&#8221;1&#8243; _builder_version=&#8221;4.27.4&#8243; _module_preset=&#8221;default&#8221; global_colors_info=&#8221;{}&#8221;][et_pb_row column_structure=&#8221;1_2,1_2&#8243; _builder_version=&#8221;4.23.1&#8243; _module_preset=&#8221;default&#8221; global_colors_info=&#8221;{}&#8221;][et_pb_column type=&#8221;1_2&#8243; _builder_version=&#8221;4.23.1&#8243; _module_preset=&#8221;default&#8221; global_colors_info=&#8221;{}&#8221;][et_pb_image src=&#8221;https:\/\/dogandroll.es\/wp-content\/uploads\/2024\/03\/INTERVENCION-DUAL_2-1.jpg&#8221; alt=&#8221;DUAL-INTERVENTION&#8221; title_text=&#8221;INTERVENCI\u00d3N-DUAL_2&#8243; align=&#8221;center&#8221; _builder_version=&#8221;4.27.4&#8243; _module_preset=&#8221;default&#8221; width=&#8221;80%&#8221; border_radii=&#8221;on|20px|20px|20px|20px&#8221; global_colors_info=&#8221;{}&#8221;][\/et_pb_image][\/et_pb_column][et_pb_column type=&#8221;1_2&#8243; _builder_version=&#8221;4.23.1&#8243; _module_preset=&#8221;default&#8221; global_colors_info=&#8221;{}&#8221;][et_pb_text _builder_version=&#8221;4.27.4&#8243; _module_preset=&#8221;0b00eb39-9961-4cc8-b173-50a82e4205af&#8221; header_2_font_size=&#8221;45px&#8221; custom_margin=&#8221;||10px||false|false&#8221; header_2_font_size_phone=&#8221;32px&#8221; global_colors_info=&#8221;{}&#8221;]<\/p>\n<h2>M\u00e9lanie Perpi\u00f1\u00e1 &#8211; collaborator<\/h2>\n<p>[\/et_pb_text][et_pb_text _builder_version=&#8221;4.27.4&#8243; _module_preset=&#8221;d6fdaaa7-8018-4e6b-9d86-b866013574b6&#8243; header_3_font=&#8221;Poppins|700|||||||&#8221; global_colors_info=&#8221;{}&#8221;]<\/p>\n<p>Let me introduce you to our collaborator M\u00e9lanie, a psychologist (no. B02796) specialising in all aspects of anxiety and director of the Cl\u00ednica Ment centre. During consultations, M\u00e9lanie is accompanied by her dog Crispie, who acts as her emotional support dog. Together, they help their patients improve their quality of life.<\/p>\n<p>&nbsp;<\/p>\n<h3>And how does M\u00e9lanie help us?<\/h3>\n<p>In some cases, without realising it, our fears or concerns affect our dogs&#8217; behaviour. That&#8217;s why we have M\u00e9lanie in the sessions, to find the perfect balance between you and your best friend.<\/p>\n<p>[\/et_pb_text][et_pb_button button_url=&#8221;https:\/\/clinicament.com\/cuadro-medico\/melanie-perpina-psicologa-general-terapeuta-mallorca\/&#8221; button_text=&#8221;Meet M\u00e9lanie&#8221; button_alignment=&#8221;left&#8221; _builder_version=&#8221;4.27.4&#8243; _module_preset=&#8221;7513b7a0-cccc-48ce-80c0-6b37e9e85742&#8243; button_text_color=&#8221;#FFFFFF&#8221; button_bg_color=&#8221;#F2874D&#8221; global_colors_info=&#8221;{%22gcid-3cf7c930-5f16-4c4e-9613-90a9edb8c65a%22:%91%22button_text_color%22,%22button_text_color%22%93}&#8221;][\/et_pb_button][\/et_pb_column][\/et_pb_row][\/et_pb_section]<\/p>\n","protected":false},"excerpt":{"rendered":"<p>Dog trainer in Art\u00e0Welcome to Dog &amp; Roll!I am an educator, dog behaviourist, dog lover and, above all, another dog guardian like you. My adventure with dogs began out of sheer necessity, when my first great teacher appeared: a Mallorcan sheepdog named Rino. His behavioural problems prompted me to delve deeper into the subject of [&hellip;]<\/p>\n","protected":false},"author":2,"featured_media":0,"parent":0,"menu_order":0,"comment_status":"closed","ping_status":"closed","template":"","meta":{"_et_pb_use_builder":"on","_et_pb_old_content":"","_et_gb_content_width":"","om_disable_all_campaigns":false,"_monsterinsights_skip_tracking":false,"_monsterinsights_sitenote_active":false,"_monsterinsights_sitenote_note":"","_monsterinsights_sitenote_category":0,"footnotes":""},"class_list":["post-787","page","type-page","status-publish","hentry"],"aioseo_notices":[],"_links":{"self":[{"href":"https:\/\/dogandroll.es\/en\/wp-json\/wp\/v2\/pages\/787","targetHints":{"allow":["GET"]}}],"collection":[{"href":"https:\/\/dogandroll.es\/en\/wp-json\/wp\/v2\/pages"}],"about":[{"href":"https:\/\/dogandroll.es\/en\/wp-json\/wp\/v2\/types\/page"}],"author":[{"embeddable":true,"href":"https:\/\/dogandroll.es\/en\/wp-json\/wp\/v2\/users\/2"}],"replies":[{"embeddable":true,"href":"https:\/\/dogandroll.es\/en\/wp-json\/wp\/v2\/comments?post=787"}],"version-history":[{"count":2,"href":"https:\/\/dogandroll.es\/en\/wp-json\/wp\/v2\/pages\/787\/revisions"}],"predecessor-version":[{"id":789,"href":"https:\/\/dogandroll.es\/en\/wp-json\/wp\/v2\/pages\/787\/revisions\/789"}],"wp:attachment":[{"href":"https:\/\/dogandroll.es\/en\/wp-json\/wp\/v2\/media?parent=787"}],"curies":[{"name":"wp","href":"https:\/\/api.w.org\/{rel}","templated":true}]}}